{"id":6840,"date":"2021-02-26T20:00:03","date_gmt":"2021-02-26T19:00:03","guid":{"rendered":"https:\/\/achetezvosfleurs.fr\/?post_type=product&#038;p=6840"},"modified":"2021-02-26T20:01:24","modified_gmt":"2021-02-26T19:01:24","slug":"elegante-orchidee","status":"publish","type":"product","link":"https:\/\/achetezvosfleurs.fr\/index.php\/product\/elegante-orchidee\/","title":{"rendered":"\u00e9l\u00e9gante orchidee"},"content":{"rendered":"<p>magnifique orchid\u00e9e blanche 3 branches<\/p>\n","protected":false},"excerpt":{"rendered":"<p><img loading=\"lazy\" decoding=\"async\" class=\"alignnone size-medium wp-image-6795\" src=\"https:\/\/achetezvosfleurs.fr\/ychikebi\/2021\/02\/g21-225x300.jpg\" alt=\"\" width=\"225\" height=\"300\" srcset=\"https:\/\/achetezvosfleurs.fr\/wp-content\/uploads\/2021\/02\/g21-225x300.jpg 225w, https:\/\/achetezvosfleurs.fr\/wp-content\/uploads\/2021\/02\/g21-768x1024.jpg 768w, https:\/\/achetezvosfleurs.fr\/wp-content\/uploads\/2021\/02\/g21-1152x1536.jpg 1152w, https:\/\/achetezvosfleurs.fr\/wp-content\/uploads\/2021\/02\/g21-1536x2048.jpg 1536w, https:\/\/achetezvosfleurs.fr\/wp-content\/uploads\/2021\/02\/g21-110x146.jpg 110w, https:\/\/achetezvosfleurs.fr\/wp-content\/uploads\/2021\/02\/g21-38x50.jpg 38w, https:\/\/achetezvosfleurs.fr\/wp-content\/uploads\/2021\/02\/g21-56x75.jpg 56w, https:\/\/achetezvosfleurs.fr\/wp-content\/uploads\/2021\/02\/g21-600x800.jpg 600w, https:\/\/achetezvosfleurs.fr\/wp-content\/uploads\/2021\/02\/g21-scaled.jpg 1920w\" sizes=\"auto, (max-width: 225px) 100vw, 225px\" \/><\/p>\n","protected":false},"featured_media":6794,"template":"","meta":[],"class_list":["post-6840","product","type-product","status-publish","has-post-thumbnail","hentry","product_cat-fete-des-grands-meres"],"_links":{"self":[{"href":"https:\/\/achetezvosfleurs.fr\/index.php\/wp-json\/wp\/v2\/product\/6840","targetHints":{"allow":["GET"]}}],"collection":[{"href":"https:\/\/achetezvosfleurs.fr\/index.php\/wp-json\/wp\/v2\/product"}],"about":[{"href":"https:\/\/achetezvosfleurs.fr\/index.php\/wp-json\/wp\/v2\/types\/product"}],"wp:featuredmedia":[{"embeddable":true,"href":"https:\/\/achetezvosfleurs.fr\/index.php\/wp-json\/wp\/v2\/media\/6794"}],"wp:attachment":[{"href":"https:\/\/achetezvosfleurs.fr\/index.php\/wp-json\/wp\/v2\/media?parent=6840"}],"curies":[{"name":"wp","href":"https:\/\/api.w.org\/{rel}","templated":true}]}}