{"id":6725,"date":"2021-02-12T13:59:36","date_gmt":"2021-02-12T12:59:36","guid":{"rendered":"https:\/\/achetezvosfleurs.fr\/?post_type=product&#038;p=6725"},"modified":"2024-09-08T12:57:37","modified_gmt":"2024-09-08T10:57:37","slug":"rose-eternelle-3","status":"publish","type":"product","link":"https:\/\/achetezvosfleurs.fr\/index.php\/product\/rose-eternelle-3\/","title":{"rendered":"rose \u00e9ternelle"},"content":{"rendered":"<p>rose \u00e9ternelle rouge dans son socle t\u00e8te de bouddha<\/p>\n","protected":false},"excerpt":{"rendered":"<p><img loading=\"lazy\" decoding=\"async\" class=\"alignnone size-medium wp-image-6720\" src=\"https:\/\/achetezvosfleurs.fr\/ychikebi\/2021\/02\/v17-225x300.jpg\" alt=\"\" width=\"225\" height=\"300\" srcset=\"https:\/\/achetezvosfleurs.fr\/wp-content\/uploads\/2021\/02\/v17-225x300.jpg 225w, https:\/\/achetezvosfleurs.fr\/wp-content\/uploads\/2021\/02\/v17-768x1024.jpg 768w, https:\/\/achetezvosfleurs.fr\/wp-content\/uploads\/2021\/02\/v17-1152x1536.jpg 1152w, https:\/\/achetezvosfleurs.fr\/wp-content\/uploads\/2021\/02\/v17-1536x2048.jpg 1536w, https:\/\/achetezvosfleurs.fr\/wp-content\/uploads\/2021\/02\/v17-110x146.jpg 110w, https:\/\/achetezvosfleurs.fr\/wp-content\/uploads\/2021\/02\/v17-38x50.jpg 38w, https:\/\/achetezvosfleurs.fr\/wp-content\/uploads\/2021\/02\/v17-56x75.jpg 56w, https:\/\/achetezvosfleurs.fr\/wp-content\/uploads\/2021\/02\/v17-600x800.jpg 600w, https:\/\/achetezvosfleurs.fr\/wp-content\/uploads\/2021\/02\/v17-scaled.jpg 1920w\" sizes=\"auto, (max-width: 225px) 100vw, 225px\" \/><\/p>\n","protected":false},"featured_media":6721,"template":"","meta":[],"class_list":["post-6725","product","type-product","status-publish","has-post-thumbnail","hentry","product_cat-eternelle"],"_links":{"self":[{"href":"https:\/\/achetezvosfleurs.fr\/index.php\/wp-json\/wp\/v2\/product\/6725","targetHints":{"allow":["GET"]}}],"collection":[{"href":"https:\/\/achetezvosfleurs.fr\/index.php\/wp-json\/wp\/v2\/product"}],"about":[{"href":"https:\/\/achetezvosfleurs.fr\/index.php\/wp-json\/wp\/v2\/types\/product"}],"wp:featuredmedia":[{"embeddable":true,"href":"https:\/\/achetezvosfleurs.fr\/index.php\/wp-json\/wp\/v2\/media\/6721"}],"wp:attachment":[{"href":"https:\/\/achetezvosfleurs.fr\/index.php\/wp-json\/wp\/v2\/media?parent=6725"}],"curies":[{"name":"wp","href":"https:\/\/api.w.org\/{rel}","templated":true}]}}