{"id":6699,"date":"2021-02-07T20:25:15","date_gmt":"2021-02-07T19:25:15","guid":{"rendered":"https:\/\/achetezvosfleurs.fr\/?post_type=product&#038;p=6699"},"modified":"2021-02-07T20:34:52","modified_gmt":"2021-02-07T19:34:52","slug":"alice","status":"publish","type":"product","link":"https:\/\/achetezvosfleurs.fr\/index.php\/product\/alice\/","title":{"rendered":"alice"},"content":{"rendered":"<p>composition compos\u00e9e de roses orchid\u00e9e lysianthus \u0153illet vert feuillages dans un socle en zinc<\/p>\n","protected":false},"excerpt":{"rendered":"<p><img loading=\"lazy\" decoding=\"async\" class=\"alignnone size-medium wp-image-6622\" src=\"https:\/\/achetezvosfleurs.fr\/ychikebi\/2021\/01\/f25-300x208.jpg\" alt=\"\" width=\"300\" height=\"208\" srcset=\"https:\/\/achetezvosfleurs.fr\/wp-content\/uploads\/2021\/01\/f25-300x208.jpg 300w, https:\/\/achetezvosfleurs.fr\/wp-content\/uploads\/2021\/01\/f25-1024x709.jpg 1024w, https:\/\/achetezvosfleurs.fr\/wp-content\/uploads\/2021\/01\/f25-768x532.jpg 768w, https:\/\/achetezvosfleurs.fr\/wp-content\/uploads\/2021\/01\/f25-1536x1064.jpg 1536w, https:\/\/achetezvosfleurs.fr\/wp-content\/uploads\/2021\/01\/f25-2048x1419.jpg 2048w, https:\/\/achetezvosfleurs.fr\/wp-content\/uploads\/2021\/01\/f25-211x146.jpg 211w, https:\/\/achetezvosfleurs.fr\/wp-content\/uploads\/2021\/01\/f25-50x35.jpg 50w, https:\/\/achetezvosfleurs.fr\/wp-content\/uploads\/2021\/01\/f25-108x75.jpg 108w, https:\/\/achetezvosfleurs.fr\/wp-content\/uploads\/2021\/01\/f25-600x416.jpg 600w\" sizes=\"auto, (max-width: 300px) 100vw, 300px\" \/><\/p>\n","protected":false},"featured_media":6620,"template":"","meta":[],"class_list":["post-6699","product","type-product","status-publish","has-post-thumbnail","hentry","product_cat-composition","product_cat-saint-valentin"],"_links":{"self":[{"href":"https:\/\/achetezvosfleurs.fr\/index.php\/wp-json\/wp\/v2\/product\/6699","targetHints":{"allow":["GET"]}}],"collection":[{"href":"https:\/\/achetezvosfleurs.fr\/index.php\/wp-json\/wp\/v2\/product"}],"about":[{"href":"https:\/\/achetezvosfleurs.fr\/index.php\/wp-json\/wp\/v2\/types\/product"}],"wp:featuredmedia":[{"embeddable":true,"href":"https:\/\/achetezvosfleurs.fr\/index.php\/wp-json\/wp\/v2\/media\/6620"}],"wp:attachment":[{"href":"https:\/\/achetezvosfleurs.fr\/index.php\/wp-json\/wp\/v2\/media?parent=6699"}],"curies":[{"name":"wp","href":"https:\/\/api.w.org\/{rel}","templated":true}]}}