{"id":6696,"date":"2021-02-07T20:15:16","date_gmt":"2021-02-07T19:15:16","guid":{"rendered":"https:\/\/achetezvosfleurs.fr\/?post_type=product&#038;p=6696"},"modified":"2021-02-07T20:16:00","modified_gmt":"2021-02-07T19:16:00","slug":"lou","status":"publish","type":"product","link":"https:\/\/achetezvosfleurs.fr\/index.php\/product\/lou\/","title":{"rendered":"Lou"},"content":{"rendered":"<p>composition compos\u00e9e de lys roses orchid\u00e9e \u0153illet vert\u00a0 lysianthus feuillages et socle en zinc<\/p>\n","protected":false},"excerpt":{"rendered":"<p><img loading=\"lazy\" decoding=\"async\" class=\"alignnone size-medium wp-image-6602\" src=\"https:\/\/achetezvosfleurs.fr\/ychikebi\/2021\/01\/f6-300x182.jpg\" alt=\"\" width=\"300\" height=\"182\" srcset=\"https:\/\/achetezvosfleurs.fr\/wp-content\/uploads\/2021\/01\/f6-300x182.jpg 300w, https:\/\/achetezvosfleurs.fr\/wp-content\/uploads\/2021\/01\/f6-1024x620.jpg 1024w, https:\/\/achetezvosfleurs.fr\/wp-content\/uploads\/2021\/01\/f6-768x465.jpg 768w, https:\/\/achetezvosfleurs.fr\/wp-content\/uploads\/2021\/01\/f6-1536x930.jpg 1536w, https:\/\/achetezvosfleurs.fr\/wp-content\/uploads\/2021\/01\/f6-2048x1240.jpg 2048w, https:\/\/achetezvosfleurs.fr\/wp-content\/uploads\/2021\/01\/f6-241x146.jpg 241w, https:\/\/achetezvosfleurs.fr\/wp-content\/uploads\/2021\/01\/f6-50x30.jpg 50w, https:\/\/achetezvosfleurs.fr\/wp-content\/uploads\/2021\/01\/f6-124x75.jpg 124w, https:\/\/achetezvosfleurs.fr\/wp-content\/uploads\/2021\/01\/f6-600x363.jpg 600w\" sizes=\"auto, (max-width: 300px) 100vw, 300px\" \/><\/p>\n","protected":false},"featured_media":6603,"template":"","meta":[],"class_list":["post-6696","product","type-product","status-publish","has-post-thumbnail","hentry","product_cat-composition"],"_links":{"self":[{"href":"https:\/\/achetezvosfleurs.fr\/index.php\/wp-json\/wp\/v2\/product\/6696","targetHints":{"allow":["GET"]}}],"collection":[{"href":"https:\/\/achetezvosfleurs.fr\/index.php\/wp-json\/wp\/v2\/product"}],"about":[{"href":"https:\/\/achetezvosfleurs.fr\/index.php\/wp-json\/wp\/v2\/types\/product"}],"wp:featuredmedia":[{"embeddable":true,"href":"https:\/\/achetezvosfleurs.fr\/index.php\/wp-json\/wp\/v2\/media\/6603"}],"wp:attachment":[{"href":"https:\/\/achetezvosfleurs.fr\/index.php\/wp-json\/wp\/v2\/media?parent=6696"}],"curies":[{"name":"wp","href":"https:\/\/api.w.org\/{rel}","templated":true}]}}