{"id":6534,"date":"2020-12-16T22:08:27","date_gmt":"2020-12-16T21:08:27","guid":{"rendered":"https:\/\/achetezvosfleurs.fr\/?post_type=product&#038;p=6534"},"modified":"2022-09-15T18:42:49","modified_gmt":"2022-09-15T16:42:49","slug":"carte-message-a-personnaliser","status":"publish","type":"product","link":"https:\/\/achetezvosfleurs.fr\/index.php\/product\/carte-message-a-personnaliser\/","title":{"rendered":"Carte message \u00e0 personnaliser"},"content":{"rendered":"<p>Nous vous proposons nos cartes messages personnalisables pour accompagner tous nos bouquets de fleurs.<\/p>\n<p>Pour f\u00eater un heureux \u00e9v\u00e9nement, apporter son soutien ou simplement t\u00e9moigner son affection, prenez le soin d&rsquo;accompagner nos bouquets d&rsquo;une carte message.<\/p>\n<p>&nbsp;<\/p>\n","protected":false},"excerpt":{"rendered":"<p>A chaque bouquet son message !<\/p>\n<p>Pour f\u00eater un heureux \u00e9v\u00e9nement, apporter son soutien ou simplement t\u00e9moigner son affection, prenez le soin d&rsquo;accompagner nos bouquets d&rsquo;une carte message.<\/p>\n","protected":false},"featured_media":7178,"template":"","meta":[],"class_list":["post-6534","product","type-product","status-publish","has-post-thumbnail","hentry","product_cat-anniversaire"],"_links":{"self":[{"href":"https:\/\/achetezvosfleurs.fr\/index.php\/wp-json\/wp\/v2\/product\/6534","targetHints":{"allow":["GET"]}}],"collection":[{"href":"https:\/\/achetezvosfleurs.fr\/index.php\/wp-json\/wp\/v2\/product"}],"about":[{"href":"https:\/\/achetezvosfleurs.fr\/index.php\/wp-json\/wp\/v2\/types\/product"}],"wp:featuredmedia":[{"embeddable":true,"href":"https:\/\/achetezvosfleurs.fr\/index.php\/wp-json\/wp\/v2\/media\/7178"}],"wp:attachment":[{"href":"https:\/\/achetezvosfleurs.fr\/index.php\/wp-json\/wp\/v2\/media?parent=6534"}],"curies":[{"name":"wp","href":"https:\/\/api.w.org\/{rel}","templated":true}]}}