{"id":6520,"date":"2020-12-16T06:12:11","date_gmt":"2020-12-16T05:12:11","guid":{"rendered":"https:\/\/achetezvosfleurs.fr\/?post_type=product&#038;p=6520"},"modified":"2023-08-02T11:20:28","modified_gmt":"2023-08-02T09:20:28","slug":"lysianthus-multi-couleurs","status":"publish","type":"product","link":"https:\/\/achetezvosfleurs.fr\/index.php\/product\/lysianthus-multi-couleurs\/","title":{"rendered":"lysianthus multi couleurs"},"content":{"rendered":"<p>bouquet compos\u00e9 de 10 lysianthus multi couleurs agr\u00e9ment\u00e9 de feuillages<\/p>\n","protected":false},"excerpt":{"rendered":"<p><img loading=\"lazy\" decoding=\"async\" class=\"alignnone size-medium wp-image-6484\" src=\"https:\/\/achetezvosfleurs.fr\/ychikebi\/2020\/12\/z56-225x300.jpg\" alt=\"\" width=\"225\" height=\"300\" srcset=\"https:\/\/achetezvosfleurs.fr\/wp-content\/uploads\/2020\/12\/z56-225x300.jpg 225w, https:\/\/achetezvosfleurs.fr\/wp-content\/uploads\/2020\/12\/z56-768x1024.jpg 768w, https:\/\/achetezvosfleurs.fr\/wp-content\/uploads\/2020\/12\/z56-1152x1536.jpg 1152w, https:\/\/achetezvosfleurs.fr\/wp-content\/uploads\/2020\/12\/z56-1536x2048.jpg 1536w, https:\/\/achetezvosfleurs.fr\/wp-content\/uploads\/2020\/12\/z56-110x146.jpg 110w, https:\/\/achetezvosfleurs.fr\/wp-content\/uploads\/2020\/12\/z56-38x50.jpg 38w, https:\/\/achetezvosfleurs.fr\/wp-content\/uploads\/2020\/12\/z56-56x75.jpg 56w, https:\/\/achetezvosfleurs.fr\/wp-content\/uploads\/2020\/12\/z56-600x800.jpg 600w, https:\/\/achetezvosfleurs.fr\/wp-content\/uploads\/2020\/12\/z56-scaled.jpg 1920w\" sizes=\"auto, (max-width: 225px) 100vw, 225px\" \/><img loading=\"lazy\" decoding=\"async\" class=\"alignnone size-medium wp-image-6483\" src=\"https:\/\/achetezvosfleurs.fr\/ychikebi\/2020\/12\/z55-225x300.jpg\" alt=\"\" width=\"225\" height=\"300\" srcset=\"https:\/\/achetezvosfleurs.fr\/wp-content\/uploads\/2020\/12\/z55-225x300.jpg 225w, https:\/\/achetezvosfleurs.fr\/wp-content\/uploads\/2020\/12\/z55-768x1024.jpg 768w, https:\/\/achetezvosfleurs.fr\/wp-content\/uploads\/2020\/12\/z55-1152x1536.jpg 1152w, https:\/\/achetezvosfleurs.fr\/wp-content\/uploads\/2020\/12\/z55-1536x2048.jpg 1536w, https:\/\/achetezvosfleurs.fr\/wp-content\/uploads\/2020\/12\/z55-110x146.jpg 110w, https:\/\/achetezvosfleurs.fr\/wp-content\/uploads\/2020\/12\/z55-38x50.jpg 38w, https:\/\/achetezvosfleurs.fr\/wp-content\/uploads\/2020\/12\/z55-56x75.jpg 56w, https:\/\/achetezvosfleurs.fr\/wp-content\/uploads\/2020\/12\/z55-600x800.jpg 600w, https:\/\/achetezvosfleurs.fr\/wp-content\/uploads\/2020\/12\/z55-scaled.jpg 1920w\" sizes=\"auto, (max-width: 225px) 100vw, 225px\" \/><\/p>\n","protected":false},"featured_media":6481,"template":"","meta":[],"class_list":["post-6520","product","type-product","status-publish","has-post-thumbnail","hentry","product_cat-bouquet-longue-tige","product_cat-bouquets"],"_links":{"self":[{"href":"https:\/\/achetezvosfleurs.fr\/index.php\/wp-json\/wp\/v2\/product\/6520","targetHints":{"allow":["GET"]}}],"collection":[{"href":"https:\/\/achetezvosfleurs.fr\/index.php\/wp-json\/wp\/v2\/product"}],"about":[{"href":"https:\/\/achetezvosfleurs.fr\/index.php\/wp-json\/wp\/v2\/types\/product"}],"wp:featuredmedia":[{"embeddable":true,"href":"https:\/\/achetezvosfleurs.fr\/index.php\/wp-json\/wp\/v2\/media\/6481"}],"wp:attachment":[{"href":"https:\/\/achetezvosfleurs.fr\/index.php\/wp-json\/wp\/v2\/media?parent=6520"}],"curies":[{"name":"wp","href":"https:\/\/api.w.org\/{rel}","templated":true}]}}