{"id":6397,"date":"2020-12-08T09:29:41","date_gmt":"2020-12-08T08:29:41","guid":{"rendered":"https:\/\/achetezvosfleurs.fr\/?post_type=product&#038;p=6397"},"modified":"2020-12-14T21:34:52","modified_gmt":"2020-12-14T20:34:52","slug":"rose-eternelle-2","status":"publish","type":"product","link":"https:\/\/achetezvosfleurs.fr\/index.php\/product\/rose-eternelle-2\/","title":{"rendered":"rose \u00e9ternelle"},"content":{"rendered":"<p>rose \u00e9ternelle fuchsia dans son tr\u00e8s joli socle<\/p>\n","protected":false},"excerpt":{"rendered":"<p>rose \u00e9ternelle fuchsia dans son tr\u00e8s joli socle<\/p>\n","protected":false},"featured_media":5777,"template":"","meta":[],"class_list":["post-6397","product","type-product","status-publish","has-post-thumbnail","hentry","product_cat-rose","product_cat-eternelle"],"_links":{"self":[{"href":"https:\/\/achetezvosfleurs.fr\/index.php\/wp-json\/wp\/v2\/product\/6397","targetHints":{"allow":["GET"]}}],"collection":[{"href":"https:\/\/achetezvosfleurs.fr\/index.php\/wp-json\/wp\/v2\/product"}],"about":[{"href":"https:\/\/achetezvosfleurs.fr\/index.php\/wp-json\/wp\/v2\/types\/product"}],"wp:featuredmedia":[{"embeddable":true,"href":"https:\/\/achetezvosfleurs.fr\/index.php\/wp-json\/wp\/v2\/media\/5777"}],"wp:attachment":[{"href":"https:\/\/achetezvosfleurs.fr\/index.php\/wp-json\/wp\/v2\/media?parent=6397"}],"curies":[{"name":"wp","href":"https:\/\/api.w.org\/{rel}","templated":true}]}}