{"id":6354,"date":"2020-12-08T06:44:17","date_gmt":"2020-12-08T05:44:17","guid":{"rendered":"https:\/\/achetezvosfleurs.fr\/?post_type=product&#038;p=6354"},"modified":"2020-12-14T22:10:25","modified_gmt":"2020-12-14T21:10:25","slug":"coupe-de-plantes-2","status":"publish","type":"product","link":"https:\/\/achetezvosfleurs.fr\/index.php\/product\/coupe-de-plantes-2\/","title":{"rendered":"coupe de plantes"},"content":{"rendered":"<p>composition de plantes ext\u00e9rieures rose de no\u00ebl, euonymus, rosier, primev\u00e8re, heuchere<\/p>\n","protected":false},"excerpt":{"rendered":"<p><img loading=\"lazy\" decoding=\"async\" class=\"alignnone size-medium wp-image-6299\" src=\"https:\/\/achetezvosfleurs.fr\/ychikebi\/2020\/12\/c6-256x300.jpg\" alt=\"\" width=\"256\" height=\"300\" srcset=\"https:\/\/achetezvosfleurs.fr\/wp-content\/uploads\/2020\/12\/c6-256x300.jpg 256w, https:\/\/achetezvosfleurs.fr\/wp-content\/uploads\/2020\/12\/c6-873x1024.jpg 873w, https:\/\/achetezvosfleurs.fr\/wp-content\/uploads\/2020\/12\/c6-768x901.jpg 768w, https:\/\/achetezvosfleurs.fr\/wp-content\/uploads\/2020\/12\/c6-1309x1536.jpg 1309w, https:\/\/achetezvosfleurs.fr\/wp-content\/uploads\/2020\/12\/c6-1746x2048.jpg 1746w, https:\/\/achetezvosfleurs.fr\/wp-content\/uploads\/2020\/12\/c6-124x146.jpg 124w, https:\/\/achetezvosfleurs.fr\/wp-content\/uploads\/2020\/12\/c6-43x50.jpg 43w, https:\/\/achetezvosfleurs.fr\/wp-content\/uploads\/2020\/12\/c6-64x75.jpg 64w, https:\/\/achetezvosfleurs.fr\/wp-content\/uploads\/2020\/12\/c6-600x704.jpg 600w\" sizes=\"auto, (max-width: 256px) 100vw, 256px\" \/><\/p>\n","protected":false},"featured_media":6296,"template":"","meta":[],"class_list":["post-6354","product","type-product","status-publish","has-post-thumbnail","hentry","product_cat-compositions-plantes","product_cat-deuil","product_cat-exterieure"],"_links":{"self":[{"href":"https:\/\/achetezvosfleurs.fr\/index.php\/wp-json\/wp\/v2\/product\/6354","targetHints":{"allow":["GET"]}}],"collection":[{"href":"https:\/\/achetezvosfleurs.fr\/index.php\/wp-json\/wp\/v2\/product"}],"about":[{"href":"https:\/\/achetezvosfleurs.fr\/index.php\/wp-json\/wp\/v2\/types\/product"}],"wp:featuredmedia":[{"embeddable":true,"href":"https:\/\/achetezvosfleurs.fr\/index.php\/wp-json\/wp\/v2\/media\/6296"}],"wp:attachment":[{"href":"https:\/\/achetezvosfleurs.fr\/index.php\/wp-json\/wp\/v2\/media?parent=6354"}],"curies":[{"name":"wp","href":"https:\/\/api.w.org\/{rel}","templated":true}]}}