{"id":6352,"date":"2020-12-08T06:34:58","date_gmt":"2020-12-08T05:34:58","guid":{"rendered":"https:\/\/achetezvosfleurs.fr\/?post_type=product&#038;p=6352"},"modified":"2020-12-14T22:11:32","modified_gmt":"2020-12-14T21:11:32","slug":"coupe-de-plantes-3","status":"publish","type":"product","link":"https:\/\/achetezvosfleurs.fr\/index.php\/product\/coupe-de-plantes-3\/","title":{"rendered":"coupe de plantes"},"content":{"rendered":"<p>compositions de plantes ext\u00e9rieures sapin, skimmia, rose de no\u00ebl, primev\u00e8res, rosier, cyclamen, campanule, heuchere<\/p>\n","protected":false},"excerpt":{"rendered":"<p><img loading=\"lazy\" decoding=\"async\" class=\"alignnone size-medium wp-image-6300\" src=\"https:\/\/achetezvosfleurs.fr\/ychikebi\/2020\/12\/c7-225x300.jpg\" alt=\"\" width=\"225\" height=\"300\" srcset=\"https:\/\/achetezvosfleurs.fr\/wp-content\/uploads\/2020\/12\/c7-225x300.jpg 225w, https:\/\/achetezvosfleurs.fr\/wp-content\/uploads\/2020\/12\/c7-768x1024.jpg 768w, https:\/\/achetezvosfleurs.fr\/wp-content\/uploads\/2020\/12\/c7-1152x1536.jpg 1152w, https:\/\/achetezvosfleurs.fr\/wp-content\/uploads\/2020\/12\/c7-1536x2048.jpg 1536w, https:\/\/achetezvosfleurs.fr\/wp-content\/uploads\/2020\/12\/c7-110x146.jpg 110w, https:\/\/achetezvosfleurs.fr\/wp-content\/uploads\/2020\/12\/c7-38x50.jpg 38w, https:\/\/achetezvosfleurs.fr\/wp-content\/uploads\/2020\/12\/c7-56x75.jpg 56w, https:\/\/achetezvosfleurs.fr\/wp-content\/uploads\/2020\/12\/c7-600x800.jpg 600w, https:\/\/achetezvosfleurs.fr\/wp-content\/uploads\/2020\/12\/c7-scaled.jpg 1920w\" sizes=\"auto, (max-width: 225px) 100vw, 225px\" \/><\/p>\n","protected":false},"featured_media":6301,"template":"","meta":[],"class_list":["post-6352","product","type-product","status-publish","has-post-thumbnail","hentry","product_cat-compositions-plantes","product_cat-deuil","product_cat-exterieure"],"_links":{"self":[{"href":"https:\/\/achetezvosfleurs.fr\/index.php\/wp-json\/wp\/v2\/product\/6352","targetHints":{"allow":["GET"]}}],"collection":[{"href":"https:\/\/achetezvosfleurs.fr\/index.php\/wp-json\/wp\/v2\/product"}],"about":[{"href":"https:\/\/achetezvosfleurs.fr\/index.php\/wp-json\/wp\/v2\/types\/product"}],"wp:featuredmedia":[{"embeddable":true,"href":"https:\/\/achetezvosfleurs.fr\/index.php\/wp-json\/wp\/v2\/media\/6301"}],"wp:attachment":[{"href":"https:\/\/achetezvosfleurs.fr\/index.php\/wp-json\/wp\/v2\/media?parent=6352"}],"curies":[{"name":"wp","href":"https:\/\/api.w.org\/{rel}","templated":true}]}}