{"id":6341,"date":"2020-12-08T05:14:47","date_gmt":"2020-12-08T04:14:47","guid":{"rendered":"https:\/\/achetezvosfleurs.fr\/?post_type=product&#038;p=6341"},"modified":"2021-08-02T11:15:59","modified_gmt":"2021-08-02T09:15:59","slug":"selena","status":"publish","type":"product","link":"https:\/\/achetezvosfleurs.fr\/index.php\/product\/selena\/","title":{"rendered":"S\u00e9l\u00e9na"},"content":{"rendered":"<p>bouquet compos\u00e9 de roses roses et freesia blanc accompagn\u00e9 de feuillages<\/p>\n","protected":false},"excerpt":{"rendered":"<p><img loading=\"lazy\" decoding=\"async\" class=\"alignnone size-medium wp-image-6303\" src=\"https:\/\/achetezvosfleurs.fr\/ychikebi\/2020\/12\/bqt-r11-246x300.jpg\" alt=\"\" width=\"246\" height=\"300\" srcset=\"https:\/\/achetezvosfleurs.fr\/wp-content\/uploads\/2020\/12\/bqt-r11-246x300.jpg 246w, https:\/\/achetezvosfleurs.fr\/wp-content\/uploads\/2020\/12\/bqt-r11-840x1024.jpg 840w, https:\/\/achetezvosfleurs.fr\/wp-content\/uploads\/2020\/12\/bqt-r11-768x936.jpg 768w, https:\/\/achetezvosfleurs.fr\/wp-content\/uploads\/2020\/12\/bqt-r11-1260x1536.jpg 1260w, https:\/\/achetezvosfleurs.fr\/wp-content\/uploads\/2020\/12\/bqt-r11-1681x2048.jpg 1681w, https:\/\/achetezvosfleurs.fr\/wp-content\/uploads\/2020\/12\/bqt-r11-120x146.jpg 120w, https:\/\/achetezvosfleurs.fr\/wp-content\/uploads\/2020\/12\/bqt-r11-41x50.jpg 41w, https:\/\/achetezvosfleurs.fr\/wp-content\/uploads\/2020\/12\/bqt-r11-62x75.jpg 62w, https:\/\/achetezvosfleurs.fr\/wp-content\/uploads\/2020\/12\/bqt-r11-600x731.jpg 600w\" sizes=\"auto, (max-width: 246px) 100vw, 246px\" \/><img loading=\"lazy\" decoding=\"async\" class=\"alignnone size-medium wp-image-6302\" src=\"https:\/\/achetezvosfleurs.fr\/ychikebi\/2020\/12\/bqt-r10-279x300.jpg\" alt=\"\" width=\"279\" height=\"300\" srcset=\"https:\/\/achetezvosfleurs.fr\/wp-content\/uploads\/2020\/12\/bqt-r10-279x300.jpg 279w, https:\/\/achetezvosfleurs.fr\/wp-content\/uploads\/2020\/12\/bqt-r10-952x1024.jpg 952w, https:\/\/achetezvosfleurs.fr\/wp-content\/uploads\/2020\/12\/bqt-r10-768x826.jpg 768w, https:\/\/achetezvosfleurs.fr\/wp-content\/uploads\/2020\/12\/bqt-r10-1428x1536.jpg 1428w, https:\/\/achetezvosfleurs.fr\/wp-content\/uploads\/2020\/12\/bqt-r10-1904x2048.jpg 1904w, https:\/\/achetezvosfleurs.fr\/wp-content\/uploads\/2020\/12\/bqt-r10-136x146.jpg 136w, https:\/\/achetezvosfleurs.fr\/wp-content\/uploads\/2020\/12\/bqt-r10-46x50.jpg 46w, https:\/\/achetezvosfleurs.fr\/wp-content\/uploads\/2020\/12\/bqt-r10-70x75.jpg 70w, https:\/\/achetezvosfleurs.fr\/wp-content\/uploads\/2020\/12\/bqt-r10-600x645.jpg 600w\" sizes=\"auto, (max-width: 279px) 100vw, 279px\" \/><\/p>\n","protected":false},"featured_media":6304,"template":"","meta":[],"class_list":["post-6341","product","type-product","status-publish","has-post-thumbnail","hentry","product_cat-bouquets","product_cat-bouquets-ronds","product_cat-naissance"],"_links":{"self":[{"href":"https:\/\/achetezvosfleurs.fr\/index.php\/wp-json\/wp\/v2\/product\/6341","targetHints":{"allow":["GET"]}}],"collection":[{"href":"https:\/\/achetezvosfleurs.fr\/index.php\/wp-json\/wp\/v2\/product"}],"about":[{"href":"https:\/\/achetezvosfleurs.fr\/index.php\/wp-json\/wp\/v2\/types\/product"}],"wp:featuredmedia":[{"embeddable":true,"href":"https:\/\/achetezvosfleurs.fr\/index.php\/wp-json\/wp\/v2\/media\/6304"}],"wp:attachment":[{"href":"https:\/\/achetezvosfleurs.fr\/index.php\/wp-json\/wp\/v2\/media?parent=6341"}],"curies":[{"name":"wp","href":"https:\/\/api.w.org\/{rel}","templated":true}]}}