{"id":6324,"date":"2020-12-07T22:08:39","date_gmt":"2020-12-07T21:08:39","guid":{"rendered":"https:\/\/achetezvosfleurs.fr\/?post_type=product&#038;p=6324"},"modified":"2020-12-14T22:12:20","modified_gmt":"2020-12-14T21:12:20","slug":"coupe-de-plantes-exterieures","status":"publish","type":"product","link":"https:\/\/achetezvosfleurs.fr\/index.php\/product\/coupe-de-plantes-exterieures\/","title":{"rendered":"coupe de plantes ext\u00e9rieures"},"content":{"rendered":"<p>composition de plantes ext\u00e9rieures compos\u00e9e de rose de no\u00ebl ,skimmia, primev\u00e8res, lierre , campanule , rosier , sapin<\/p>\n<p>&nbsp;<\/p>\n","protected":false},"excerpt":{"rendered":"<p><img loading=\"lazy\" decoding=\"async\" class=\"alignnone size-medium wp-image-6298\" src=\"https:\/\/achetezvosfleurs.fr\/ychikebi\/2020\/12\/c5-234x300.jpg\" alt=\"\" width=\"234\" height=\"300\" srcset=\"https:\/\/achetezvosfleurs.fr\/wp-content\/uploads\/2020\/12\/c5-234x300.jpg 234w, https:\/\/achetezvosfleurs.fr\/wp-content\/uploads\/2020\/12\/c5-798x1024.jpg 798w, https:\/\/achetezvosfleurs.fr\/wp-content\/uploads\/2020\/12\/c5-768x986.jpg 768w, https:\/\/achetezvosfleurs.fr\/wp-content\/uploads\/2020\/12\/c5-1196x1536.jpg 1196w, https:\/\/achetezvosfleurs.fr\/wp-content\/uploads\/2020\/12\/c5-1595x2048.jpg 1595w, https:\/\/achetezvosfleurs.fr\/wp-content\/uploads\/2020\/12\/c5-114x146.jpg 114w, https:\/\/achetezvosfleurs.fr\/wp-content\/uploads\/2020\/12\/c5-39x50.jpg 39w, https:\/\/achetezvosfleurs.fr\/wp-content\/uploads\/2020\/12\/c5-58x75.jpg 58w, https:\/\/achetezvosfleurs.fr\/wp-content\/uploads\/2020\/12\/c5-600x770.jpg 600w, https:\/\/achetezvosfleurs.fr\/wp-content\/uploads\/2020\/12\/c5-scaled.jpg 1994w\" sizes=\"auto, (max-width: 234px) 100vw, 234px\" \/><\/p>\n","protected":false},"featured_media":6297,"template":"","meta":[],"class_list":["post-6324","product","type-product","status-publish","has-post-thumbnail","hentry","product_cat-compositions-plantes","product_cat-deuil","product_cat-exterieure"],"_links":{"self":[{"href":"https:\/\/achetezvosfleurs.fr\/index.php\/wp-json\/wp\/v2\/product\/6324","targetHints":{"allow":["GET"]}}],"collection":[{"href":"https:\/\/achetezvosfleurs.fr\/index.php\/wp-json\/wp\/v2\/product"}],"about":[{"href":"https:\/\/achetezvosfleurs.fr\/index.php\/wp-json\/wp\/v2\/types\/product"}],"wp:featuredmedia":[{"embeddable":true,"href":"https:\/\/achetezvosfleurs.fr\/index.php\/wp-json\/wp\/v2\/media\/6297"}],"wp:attachment":[{"href":"https:\/\/achetezvosfleurs.fr\/index.php\/wp-json\/wp\/v2\/media?parent=6324"}],"curies":[{"name":"wp","href":"https:\/\/api.w.org\/{rel}","templated":true}]}}