{"id":6252,"date":"2020-12-03T23:10:10","date_gmt":"2020-12-03T22:10:10","guid":{"rendered":"https:\/\/achetezvosfleurs.fr\/?post_type=product&#038;p=6252"},"modified":"2024-01-15T17:58:52","modified_gmt":"2024-01-15T16:58:52","slug":"orchidee-blanche","status":"publish","type":"product","link":"https:\/\/achetezvosfleurs.fr\/index.php\/product\/orchidee-blanche\/","title":{"rendered":"orchid\u00e9e blanche"},"content":{"rendered":"<p>magnifique orchid\u00e9e blanche accompagn\u00e9e d&rsquo;un vase blanc<\/p>\n","protected":false},"excerpt":{"rendered":"<p><img loading=\"lazy\" decoding=\"async\" class=\"alignnone size-medium wp-image-6054\" src=\"https:\/\/achetezvosfleurs.fr\/ychikebi\/2020\/11\/ORCHIDEE-B-225x300.jpg\" alt=\"\" width=\"225\" height=\"300\" srcset=\"https:\/\/achetezvosfleurs.fr\/wp-content\/uploads\/2020\/11\/ORCHIDEE-B-225x300.jpg 225w, https:\/\/achetezvosfleurs.fr\/wp-content\/uploads\/2020\/11\/ORCHIDEE-B-768x1024.jpg 768w, https:\/\/achetezvosfleurs.fr\/wp-content\/uploads\/2020\/11\/ORCHIDEE-B-1152x1536.jpg 1152w, https:\/\/achetezvosfleurs.fr\/wp-content\/uploads\/2020\/11\/ORCHIDEE-B-1536x2048.jpg 1536w, https:\/\/achetezvosfleurs.fr\/wp-content\/uploads\/2020\/11\/ORCHIDEE-B-110x146.jpg 110w, https:\/\/achetezvosfleurs.fr\/wp-content\/uploads\/2020\/11\/ORCHIDEE-B-38x50.jpg 38w, https:\/\/achetezvosfleurs.fr\/wp-content\/uploads\/2020\/11\/ORCHIDEE-B-56x75.jpg 56w, https:\/\/achetezvosfleurs.fr\/wp-content\/uploads\/2020\/11\/ORCHIDEE-B-600x800.jpg 600w, https:\/\/achetezvosfleurs.fr\/wp-content\/uploads\/2020\/11\/ORCHIDEE-B-scaled.jpg 1920w\" sizes=\"auto, (max-width: 225px) 100vw, 225px\" \/><\/p>\n","protected":false},"featured_media":6054,"template":"","meta":[],"class_list":["post-6252","product","type-product","status-publish","has-post-thumbnail","hentry","product_cat-anniversaire","product_cat-orchidees"],"_links":{"self":[{"href":"https:\/\/achetezvosfleurs.fr\/index.php\/wp-json\/wp\/v2\/product\/6252","targetHints":{"allow":["GET"]}}],"collection":[{"href":"https:\/\/achetezvosfleurs.fr\/index.php\/wp-json\/wp\/v2\/product"}],"about":[{"href":"https:\/\/achetezvosfleurs.fr\/index.php\/wp-json\/wp\/v2\/types\/product"}],"wp:featuredmedia":[{"embeddable":true,"href":"https:\/\/achetezvosfleurs.fr\/index.php\/wp-json\/wp\/v2\/media\/6054"}],"wp:attachment":[{"href":"https:\/\/achetezvosfleurs.fr\/index.php\/wp-json\/wp\/v2\/media?parent=6252"}],"curies":[{"name":"wp","href":"https:\/\/api.w.org\/{rel}","templated":true}]}}