{"id":6129,"date":"2020-12-01T08:14:19","date_gmt":"2020-12-01T07:14:19","guid":{"rendered":"https:\/\/achetezvosfleurs.fr\/?post_type=product&#038;p=6129"},"modified":"2020-12-29T14:39:25","modified_gmt":"2020-12-29T13:39:25","slug":"rose-eternelle-fuchsia","status":"publish","type":"product","link":"https:\/\/achetezvosfleurs.fr\/index.php\/product\/rose-eternelle-fuchsia\/","title":{"rendered":"rose \u00e9ternelle fuchsia"},"content":{"rendered":"<p>Rose \u00e9ternelle fuchsia agr\u00e9ment\u00e9e de sable blanc dans un vase rond.<\/p>\n<p>La couleur id\u00e9ale pleine de bons sentiments.<\/p>\n<p>A offrir pour les anniversaires , naissances , d\u00e9clarations d&rsquo;amiti\u00e9 sinc\u00e8re.<\/p>\n<p>El\u00e9ment de d\u00e9coration \u00e9conome et durable.<\/p>\n","protected":false},"excerpt":{"rendered":"<p><img loading=\"lazy\" decoding=\"async\" class=\"alignnone size-medium wp-image-6044\" src=\"https:\/\/achetezvosfleurs.fr\/ychikebi\/2020\/11\/ROSE-ERO3-221x300.jpg\" alt=\"\" width=\"221\" height=\"300\" srcset=\"https:\/\/achetezvosfleurs.fr\/wp-content\/uploads\/2020\/11\/ROSE-ERO3-221x300.jpg 221w, https:\/\/achetezvosfleurs.fr\/wp-content\/uploads\/2020\/11\/ROSE-ERO3-754x1024.jpg 754w, https:\/\/achetezvosfleurs.fr\/wp-content\/uploads\/2020\/11\/ROSE-ERO3-768x1043.jpg 768w, https:\/\/achetezvosfleurs.fr\/wp-content\/uploads\/2020\/11\/ROSE-ERO3-1131x1536.jpg 1131w, https:\/\/achetezvosfleurs.fr\/wp-content\/uploads\/2020\/11\/ROSE-ERO3-1509x2048.jpg 1509w, https:\/\/achetezvosfleurs.fr\/wp-content\/uploads\/2020\/11\/ROSE-ERO3-108x146.jpg 108w, https:\/\/achetezvosfleurs.fr\/wp-content\/uploads\/2020\/11\/ROSE-ERO3-37x50.jpg 37w, https:\/\/achetezvosfleurs.fr\/wp-content\/uploads\/2020\/11\/ROSE-ERO3-55x75.jpg 55w, https:\/\/achetezvosfleurs.fr\/wp-content\/uploads\/2020\/11\/ROSE-ERO3-600x815.jpg 600w, https:\/\/achetezvosfleurs.fr\/wp-content\/uploads\/2020\/11\/ROSE-ERO3-scaled.jpg 1886w\" sizes=\"auto, (max-width: 221px) 100vw, 221px\" \/><img loading=\"lazy\" decoding=\"async\" class=\"alignnone size-medium wp-image-6045\" src=\"https:\/\/achetezvosfleurs.fr\/ychikebi\/2020\/11\/ROSE-ERO1-241x300.jpg\" alt=\"\" width=\"241\" height=\"300\" srcset=\"https:\/\/achetezvosfleurs.fr\/wp-content\/uploads\/2020\/11\/ROSE-ERO1-241x300.jpg 241w, https:\/\/achetezvosfleurs.fr\/wp-content\/uploads\/2020\/11\/ROSE-ERO1-823x1024.jpg 823w, https:\/\/achetezvosfleurs.fr\/wp-content\/uploads\/2020\/11\/ROSE-ERO1-768x956.jpg 768w, https:\/\/achetezvosfleurs.fr\/wp-content\/uploads\/2020\/11\/ROSE-ERO1-1234x1536.jpg 1234w, https:\/\/achetezvosfleurs.fr\/wp-content\/uploads\/2020\/11\/ROSE-ERO1-1646x2048.jpg 1646w, https:\/\/achetezvosfleurs.fr\/wp-content\/uploads\/2020\/11\/ROSE-ERO1-117x146.jpg 117w, https:\/\/achetezvosfleurs.fr\/wp-content\/uploads\/2020\/11\/ROSE-ERO1-40x50.jpg 40w, https:\/\/achetezvosfleurs.fr\/wp-content\/uploads\/2020\/11\/ROSE-ERO1-60x75.jpg 60w, https:\/\/achetezvosfleurs.fr\/wp-content\/uploads\/2020\/11\/ROSE-ERO1-600x747.jpg 600w\" sizes=\"auto, (max-width: 241px) 100vw, 241px\" \/><\/p>\n","protected":false},"featured_media":6045,"template":"","meta":[],"class_list":["post-6129","product","type-product","status-publish","has-post-thumbnail","hentry","product_cat-eternelle"],"_links":{"self":[{"href":"https:\/\/achetezvosfleurs.fr\/index.php\/wp-json\/wp\/v2\/product\/6129","targetHints":{"allow":["GET"]}}],"collection":[{"href":"https:\/\/achetezvosfleurs.fr\/index.php\/wp-json\/wp\/v2\/product"}],"about":[{"href":"https:\/\/achetezvosfleurs.fr\/index.php\/wp-json\/wp\/v2\/types\/product"}],"wp:featuredmedia":[{"embeddable":true,"href":"https:\/\/achetezvosfleurs.fr\/index.php\/wp-json\/wp\/v2\/media\/6045"}],"wp:attachment":[{"href":"https:\/\/achetezvosfleurs.fr\/index.php\/wp-json\/wp\/v2\/media?parent=6129"}],"curies":[{"name":"wp","href":"https:\/\/api.w.org\/{rel}","templated":true}]}}