{"id":6128,"date":"2020-12-01T07:53:07","date_gmt":"2020-12-01T06:53:07","guid":{"rendered":"https:\/\/achetezvosfleurs.fr\/?post_type=product&#038;p=6128"},"modified":"2024-04-03T14:17:05","modified_gmt":"2024-04-03T12:17:05","slug":"rose-eternelle-rouge","status":"publish","type":"product","link":"https:\/\/achetezvosfleurs.fr\/index.php\/product\/rose-eternelle-rouge\/","title":{"rendered":"rose \u00e9ternelle rouge"},"content":{"rendered":"<p>Rose \u00e9ternelle rouge agr\u00e9ment\u00e9e de sable blanc dans un vase rond.<\/p>\n<p>La rose \u00e9ternelle rouge est id\u00e9al pour d\u00e9clarer ses sentiments.<\/p>\n<p>Elle est le symbole de l&rsquo;amour , de la beaut\u00e9 et de la passion.<\/p>\n<p>Enchant\u00e9e pour les admirateurs de la Belle et la B\u00eate, cette rose magique n&rsquo;a pas besoin d&rsquo;entretien.<\/p>\n","protected":false},"excerpt":{"rendered":"<p><img loading=\"lazy\" decoding=\"async\" class=\"alignnone size-medium wp-image-6046\" src=\"https:\/\/achetezvosfleurs.fr\/ychikebi\/2020\/11\/ROSE-ER3-243x300.jpg\" alt=\"\" width=\"243\" height=\"300\" srcset=\"https:\/\/achetezvosfleurs.fr\/wp-content\/uploads\/2020\/11\/ROSE-ER3-243x300.jpg 243w, https:\/\/achetezvosfleurs.fr\/wp-content\/uploads\/2020\/11\/ROSE-ER3-830x1024.jpg 830w, https:\/\/achetezvosfleurs.fr\/wp-content\/uploads\/2020\/11\/ROSE-ER3-768x947.jpg 768w, https:\/\/achetezvosfleurs.fr\/wp-content\/uploads\/2020\/11\/ROSE-ER3-1246x1536.jpg 1246w, https:\/\/achetezvosfleurs.fr\/wp-content\/uploads\/2020\/11\/ROSE-ER3-1661x2048.jpg 1661w, https:\/\/achetezvosfleurs.fr\/wp-content\/uploads\/2020\/11\/ROSE-ER3-118x146.jpg 118w, https:\/\/achetezvosfleurs.fr\/wp-content\/uploads\/2020\/11\/ROSE-ER3-41x50.jpg 41w, https:\/\/achetezvosfleurs.fr\/wp-content\/uploads\/2020\/11\/ROSE-ER3-61x75.jpg 61w, https:\/\/achetezvosfleurs.fr\/wp-content\/uploads\/2020\/11\/ROSE-ER3-600x740.jpg 600w\" sizes=\"auto, (max-width: 243px) 100vw, 243px\" \/><img loading=\"lazy\" decoding=\"async\" class=\"alignnone size-medium wp-image-6047\" src=\"https:\/\/achetezvosfleurs.fr\/ychikebi\/2020\/11\/ROSE-ER2-243x300.jpg\" alt=\"\" width=\"243\" height=\"300\" srcset=\"https:\/\/achetezvosfleurs.fr\/wp-content\/uploads\/2020\/11\/ROSE-ER2-243x300.jpg 243w, https:\/\/achetezvosfleurs.fr\/wp-content\/uploads\/2020\/11\/ROSE-ER2-829x1024.jpg 829w, https:\/\/achetezvosfleurs.fr\/wp-content\/uploads\/2020\/11\/ROSE-ER2-768x949.jpg 768w, https:\/\/achetezvosfleurs.fr\/wp-content\/uploads\/2020\/11\/ROSE-ER2-1243x1536.jpg 1243w, https:\/\/achetezvosfleurs.fr\/wp-content\/uploads\/2020\/11\/ROSE-ER2-1658x2048.jpg 1658w, https:\/\/achetezvosfleurs.fr\/wp-content\/uploads\/2020\/11\/ROSE-ER2-118x146.jpg 118w, https:\/\/achetezvosfleurs.fr\/wp-content\/uploads\/2020\/11\/ROSE-ER2-40x50.jpg 40w, https:\/\/achetezvosfleurs.fr\/wp-content\/uploads\/2020\/11\/ROSE-ER2-61x75.jpg 61w, https:\/\/achetezvosfleurs.fr\/wp-content\/uploads\/2020\/11\/ROSE-ER2-600x741.jpg 600w\" sizes=\"auto, (max-width: 243px) 100vw, 243px\" \/><\/p>\n","protected":false},"featured_media":6047,"template":"","meta":[],"class_list":["post-6128","product","type-product","status-publish","has-post-thumbnail","hentry","product_cat-eternelle","product_cat-saint-valentin"],"_links":{"self":[{"href":"https:\/\/achetezvosfleurs.fr\/index.php\/wp-json\/wp\/v2\/product\/6128","targetHints":{"allow":["GET"]}}],"collection":[{"href":"https:\/\/achetezvosfleurs.fr\/index.php\/wp-json\/wp\/v2\/product"}],"about":[{"href":"https:\/\/achetezvosfleurs.fr\/index.php\/wp-json\/wp\/v2\/types\/product"}],"wp:featuredmedia":[{"embeddable":true,"href":"https:\/\/achetezvosfleurs.fr\/index.php\/wp-json\/wp\/v2\/media\/6047"}],"wp:attachment":[{"href":"https:\/\/achetezvosfleurs.fr\/index.php\/wp-json\/wp\/v2\/media?parent=6128"}],"curies":[{"name":"wp","href":"https:\/\/api.w.org\/{rel}","templated":true}]}}