{"id":6125,"date":"2020-12-01T07:14:36","date_gmt":"2020-12-01T06:14:36","guid":{"rendered":"https:\/\/achetezvosfleurs.fr\/?post_type=product&#038;p=6125"},"modified":"2021-05-26T14:17:00","modified_gmt":"2021-05-26T12:17:00","slug":"rose-eternelle-peche","status":"publish","type":"product","link":"https:\/\/achetezvosfleurs.fr\/index.php\/product\/rose-eternelle-peche\/","title":{"rendered":"rose \u00e9ternelle p\u00eache"},"content":{"rendered":"<p>Rose \u00e9ternelle de couleurs p\u00eache agr\u00e9ment\u00e9e de sable blanc dans un vase rond.<\/p>\n<p>El\u00e9ment de d\u00e9coration durable et \u00e9conome.<\/p>\n<p>Pos\u00e9e sur votre bureau , elle vous apportera douceur et s\u00e9r\u00e9nit\u00e9.<\/p>\n","protected":false},"excerpt":{"rendered":"<p><img loading=\"lazy\" decoding=\"async\" class=\"alignnone size-medium wp-image-6114\" src=\"https:\/\/achetezvosfleurs.fr\/ychikebi\/2020\/11\/roseo2-225x300.jpg\" alt=\"\" width=\"225\" height=\"300\" srcset=\"https:\/\/achetezvosfleurs.fr\/wp-content\/uploads\/2020\/11\/roseo2-225x300.jpg 225w, https:\/\/achetezvosfleurs.fr\/wp-content\/uploads\/2020\/11\/roseo2-768x1024.jpg 768w, https:\/\/achetezvosfleurs.fr\/wp-content\/uploads\/2020\/11\/roseo2-1152x1536.jpg 1152w, https:\/\/achetezvosfleurs.fr\/wp-content\/uploads\/2020\/11\/roseo2-1536x2048.jpg 1536w, https:\/\/achetezvosfleurs.fr\/wp-content\/uploads\/2020\/11\/roseo2-110x146.jpg 110w, https:\/\/achetezvosfleurs.fr\/wp-content\/uploads\/2020\/11\/roseo2-38x50.jpg 38w, https:\/\/achetezvosfleurs.fr\/wp-content\/uploads\/2020\/11\/roseo2-56x75.jpg 56w, https:\/\/achetezvosfleurs.fr\/wp-content\/uploads\/2020\/11\/roseo2-600x800.jpg 600w, https:\/\/achetezvosfleurs.fr\/wp-content\/uploads\/2020\/11\/roseo2-scaled.jpg 1920w\" sizes=\"auto, (max-width: 225px) 100vw, 225px\" \/><img loading=\"lazy\" decoding=\"async\" class=\"alignnone size-medium wp-image-6113\" src=\"https:\/\/achetezvosfleurs.fr\/ychikebi\/2020\/11\/roseo1-225x300.jpg\" alt=\"\" width=\"225\" height=\"300\" srcset=\"https:\/\/achetezvosfleurs.fr\/wp-content\/uploads\/2020\/11\/roseo1-225x300.jpg 225w, https:\/\/achetezvosfleurs.fr\/wp-content\/uploads\/2020\/11\/roseo1-768x1024.jpg 768w, https:\/\/achetezvosfleurs.fr\/wp-content\/uploads\/2020\/11\/roseo1-1152x1536.jpg 1152w, https:\/\/achetezvosfleurs.fr\/wp-content\/uploads\/2020\/11\/roseo1-1536x2048.jpg 1536w, https:\/\/achetezvosfleurs.fr\/wp-content\/uploads\/2020\/11\/roseo1-110x146.jpg 110w, https:\/\/achetezvosfleurs.fr\/wp-content\/uploads\/2020\/11\/roseo1-38x50.jpg 38w, https:\/\/achetezvosfleurs.fr\/wp-content\/uploads\/2020\/11\/roseo1-56x75.jpg 56w, https:\/\/achetezvosfleurs.fr\/wp-content\/uploads\/2020\/11\/roseo1-600x800.jpg 600w, https:\/\/achetezvosfleurs.fr\/wp-content\/uploads\/2020\/11\/roseo1-scaled.jpg 1920w\" sizes=\"auto, (max-width: 225px) 100vw, 225px\" \/><\/p>\n","protected":false},"featured_media":6115,"template":"","meta":[],"class_list":["post-6125","product","type-product","status-publish","has-post-thumbnail","hentry","product_cat-eternelle"],"_links":{"self":[{"href":"https:\/\/achetezvosfleurs.fr\/index.php\/wp-json\/wp\/v2\/product\/6125","targetHints":{"allow":["GET"]}}],"collection":[{"href":"https:\/\/achetezvosfleurs.fr\/index.php\/wp-json\/wp\/v2\/product"}],"about":[{"href":"https:\/\/achetezvosfleurs.fr\/index.php\/wp-json\/wp\/v2\/types\/product"}],"wp:featuredmedia":[{"embeddable":true,"href":"https:\/\/achetezvosfleurs.fr\/index.php\/wp-json\/wp\/v2\/media\/6115"}],"wp:attachment":[{"href":"https:\/\/achetezvosfleurs.fr\/index.php\/wp-json\/wp\/v2\/media?parent=6125"}],"curies":[{"name":"wp","href":"https:\/\/api.w.org\/{rel}","templated":true}]}}