{"id":6124,"date":"2020-12-01T07:02:37","date_gmt":"2020-12-01T06:02:37","guid":{"rendered":"https:\/\/achetezvosfleurs.fr\/?post_type=product&#038;p=6124"},"modified":"2020-12-14T21:50:38","modified_gmt":"2020-12-14T20:50:38","slug":"rose-eternelle-rose-poudree","status":"publish","type":"product","link":"https:\/\/achetezvosfleurs.fr\/index.php\/product\/rose-eternelle-rose-poudree\/","title":{"rendered":"rose \u00e9ternelle rose poudr\u00e9e"},"content":{"rendered":"<p>Couleur douce pour cette rose \u00e9ternelle qui apportera une touche d\u00e9co a votre int\u00e9rieur.<\/p>\n<p>El\u00e9ment de d\u00e9coration durable et \u00e9conome.<\/p>\n<p>Sans entretien . Une rose poudr\u00e9e agr\u00e9ment\u00e9e de sable blanc dans un vase rond.<\/p>\n<p>&nbsp;<\/p>\n","protected":false},"excerpt":{"rendered":"<p><img loading=\"lazy\" decoding=\"async\" class=\"alignnone size-medium wp-image-6118\" src=\"https:\/\/achetezvosfleurs.fr\/ychikebi\/2020\/11\/rr3-225x300.jpg\" alt=\"\" width=\"225\" height=\"300\" srcset=\"https:\/\/achetezvosfleurs.fr\/wp-content\/uploads\/2020\/11\/rr3-225x300.jpg 225w, https:\/\/achetezvosfleurs.fr\/wp-content\/uploads\/2020\/11\/rr3-768x1024.jpg 768w, https:\/\/achetezvosfleurs.fr\/wp-content\/uploads\/2020\/11\/rr3-1152x1536.jpg 1152w, https:\/\/achetezvosfleurs.fr\/wp-content\/uploads\/2020\/11\/rr3-1536x2048.jpg 1536w, https:\/\/achetezvosfleurs.fr\/wp-content\/uploads\/2020\/11\/rr3-110x146.jpg 110w, https:\/\/achetezvosfleurs.fr\/wp-content\/uploads\/2020\/11\/rr3-38x50.jpg 38w, https:\/\/achetezvosfleurs.fr\/wp-content\/uploads\/2020\/11\/rr3-56x75.jpg 56w, https:\/\/achetezvosfleurs.fr\/wp-content\/uploads\/2020\/11\/rr3-600x800.jpg 600w, https:\/\/achetezvosfleurs.fr\/wp-content\/uploads\/2020\/11\/rr3-scaled.jpg 1920w\" sizes=\"auto, (max-width: 225px) 100vw, 225px\" \/><img loading=\"lazy\" decoding=\"async\" class=\"alignnone size-medium wp-image-6117\" src=\"https:\/\/achetezvosfleurs.fr\/ychikebi\/2020\/11\/rr2-225x300.jpg\" alt=\"\" width=\"225\" height=\"300\" srcset=\"https:\/\/achetezvosfleurs.fr\/wp-content\/uploads\/2020\/11\/rr2-225x300.jpg 225w, https:\/\/achetezvosfleurs.fr\/wp-content\/uploads\/2020\/11\/rr2-768x1024.jpg 768w, https:\/\/achetezvosfleurs.fr\/wp-content\/uploads\/2020\/11\/rr2-1152x1536.jpg 1152w, https:\/\/achetezvosfleurs.fr\/wp-content\/uploads\/2020\/11\/rr2-1536x2048.jpg 1536w, https:\/\/achetezvosfleurs.fr\/wp-content\/uploads\/2020\/11\/rr2-110x146.jpg 110w, https:\/\/achetezvosfleurs.fr\/wp-content\/uploads\/2020\/11\/rr2-38x50.jpg 38w, https:\/\/achetezvosfleurs.fr\/wp-content\/uploads\/2020\/11\/rr2-56x75.jpg 56w, https:\/\/achetezvosfleurs.fr\/wp-content\/uploads\/2020\/11\/rr2-600x800.jpg 600w, https:\/\/achetezvosfleurs.fr\/wp-content\/uploads\/2020\/11\/rr2-scaled.jpg 1920w\" sizes=\"auto, (max-width: 225px) 100vw, 225px\" \/><\/p>\n","protected":false},"featured_media":6116,"template":"","meta":[],"class_list":["post-6124","product","type-product","status-publish","has-post-thumbnail","hentry","product_cat-eternelle"],"_links":{"self":[{"href":"https:\/\/achetezvosfleurs.fr\/index.php\/wp-json\/wp\/v2\/product\/6124","targetHints":{"allow":["GET"]}}],"collection":[{"href":"https:\/\/achetezvosfleurs.fr\/index.php\/wp-json\/wp\/v2\/product"}],"about":[{"href":"https:\/\/achetezvosfleurs.fr\/index.php\/wp-json\/wp\/v2\/types\/product"}],"wp:featuredmedia":[{"embeddable":true,"href":"https:\/\/achetezvosfleurs.fr\/index.php\/wp-json\/wp\/v2\/media\/6116"}],"wp:attachment":[{"href":"https:\/\/achetezvosfleurs.fr\/index.php\/wp-json\/wp\/v2\/media?parent=6124"}],"curies":[{"name":"wp","href":"https:\/\/api.w.org\/{rel}","templated":true}]}}