{"id":6035,"date":"2020-11-20T07:59:27","date_gmt":"2020-11-20T06:59:27","guid":{"rendered":"https:\/\/achetezvosfleurs.fr\/?post_type=product&#038;p=6035"},"modified":"2020-12-14T21:52:08","modified_gmt":"2020-12-14T20:52:08","slug":"leonie","status":"publish","type":"product","link":"https:\/\/achetezvosfleurs.fr\/index.php\/product\/leonie\/","title":{"rendered":"L\u00e9onie"},"content":{"rendered":"","protected":false},"excerpt":{"rendered":"<p>magnifique bouquet de tulipes blanches. Ces tulipes\u00a0 proviennent d&rsquo;un producteur Fran\u00e7ais. Les tulipes sont cultiv\u00e9es sans pesticides.<\/p>\n<p>faites plaisir autours de vous avec ce tr\u00e8s beau bouquet de tulipes blanches\u00a0\u00a0Il est compos\u00e9 de 40 tiges de tulipe agr\u00e9ment\u00e9 de feuillages.<\/p>\n","protected":false},"featured_media":6036,"template":"","meta":[],"class_list":["post-6035","product","type-product","status-publish","has-post-thumbnail","hentry","product_cat-bouquets-ronds"],"_links":{"self":[{"href":"https:\/\/achetezvosfleurs.fr\/index.php\/wp-json\/wp\/v2\/product\/6035","targetHints":{"allow":["GET"]}}],"collection":[{"href":"https:\/\/achetezvosfleurs.fr\/index.php\/wp-json\/wp\/v2\/product"}],"about":[{"href":"https:\/\/achetezvosfleurs.fr\/index.php\/wp-json\/wp\/v2\/types\/product"}],"wp:featuredmedia":[{"embeddable":true,"href":"https:\/\/achetezvosfleurs.fr\/index.php\/wp-json\/wp\/v2\/media\/6036"}],"wp:attachment":[{"href":"https:\/\/achetezvosfleurs.fr\/index.php\/wp-json\/wp\/v2\/media?parent=6035"}],"curies":[{"name":"wp","href":"https:\/\/api.w.org\/{rel}","templated":true}]}}