{"id":5768,"date":"2020-04-21T17:07:48","date_gmt":"2020-04-21T15:07:48","guid":{"rendered":"https:\/\/achetezvosfleurs.fr\/?post_type=product&#038;p=5768"},"modified":"2020-12-14T22:00:50","modified_gmt":"2020-12-14T21:00:50","slug":"rose-eternelle","status":"publish","type":"product","link":"https:\/\/achetezvosfleurs.fr\/index.php\/product\/rose-eternelle\/","title":{"rendered":"Rose \u00e9ternelle"},"content":{"rendered":"","protected":false},"excerpt":{"rendered":"<p>Rose \u00e9ternelle, une vraie rose \u00e9clatante de beaut\u00e9 qui ne fane pas, \u00e0 offrir pour toutes occasions<br \/>\nSur son support et cloche en verre (prix \u00e0 l&rsquo;unit\u00e9)<\/p>\n","protected":false},"featured_media":5776,"template":"","meta":[],"class_list":["post-5768","product","type-product","status-publish","has-post-thumbnail","hentry","product_cat-rose","product_cat-eternelle"],"_links":{"self":[{"href":"https:\/\/achetezvosfleurs.fr\/index.php\/wp-json\/wp\/v2\/product\/5768","targetHints":{"allow":["GET"]}}],"collection":[{"href":"https:\/\/achetezvosfleurs.fr\/index.php\/wp-json\/wp\/v2\/product"}],"about":[{"href":"https:\/\/achetezvosfleurs.fr\/index.php\/wp-json\/wp\/v2\/types\/product"}],"wp:featuredmedia":[{"embeddable":true,"href":"https:\/\/achetezvosfleurs.fr\/index.php\/wp-json\/wp\/v2\/media\/5776"}],"wp:attachment":[{"href":"https:\/\/achetezvosfleurs.fr\/index.php\/wp-json\/wp\/v2\/media?parent=5768"}],"curies":[{"name":"wp","href":"https:\/\/api.w.org\/{rel}","templated":true}]}}